{"id":3261,"date":"2020-06-03T17:48:38","date_gmt":"2020-06-03T17:48:38","guid":{"rendered":"https:\/\/gf-eez.com\/about-eez\/"},"modified":"2023-01-25T14:09:26","modified_gmt":"2023-01-25T13:09:26","slug":"about-eez","status":"publish","type":"page","link":"https:\/\/gf-eez.com\/fr\/about-eez\/","title":{"rendered":"About EEZ"},"content":{"rendered":"\t\t<div data-elementor-type=\"wp-page\" data-elementor-id=\"3261\" class=\"elementor elementor-3261 elementor-2\">\n\t\t\t\t\t\t<section class=\"elementor-section elementor-top-section elementor-element elementor-element-117489b4 elementor-section-boxed elementor-section-height-default elementor-section-height-default\" data-id=\"117489b4\" data-element_type=\"section\" data-e-type=\"section\">\n\t\t\t\t\t\t<div class=\"elementor-container elementor-column-gap-default\">\n\t\t\t\t\t<div class=\"elementor-column elementor-col-100 elementor-top-column elementor-element elementor-element-696796ca\" data-id=\"696796ca\" data-element_type=\"column\" data-e-type=\"column\">\n\t\t\t<div class=\"elementor-widget-wrap elementor-element-populated\">\n\t\t\t\t\t\t<div class=\"elementor-element elementor-element-4d639278 elementor-widget elementor-widget-text-editor\" data-id=\"4d639278\" data-element_type=\"widget\" data-e-type=\"widget\" data-widget_type=\"text-editor.default\">\n\t\t\t\t<div class=\"elementor-widget-container\">\n\t\t\t\t\t\t\t\t\t<p>\u00a0<\/p><p><span style=\"color: #5b5b60; font-family: Nunito, sans-serif; font-size: 18px; letter-spacing: -0.18px;\">Bienvenue sur la plate-forme\u00a0<\/span><strong style=\"color: #5b5b60; font-family: Nunito, sans-serif; font-size: 18px; letter-spacing: -0.18px;\">EEZ<\/strong><span style=\"color: #5b5b60; font-family: Nunito, sans-serif; font-size: 18px; letter-spacing: -0.18px;\">, votre\u00a0<\/span><strong style=\"color: #5b5b60; font-family: Nunito, sans-serif; font-size: 18px; letter-spacing: -0.18px;\">zone d\u2019ing\u00e9nierie<\/strong><span style=\"color: #5b5b60; font-family: Nunito, sans-serif; font-size: 18px; letter-spacing: -0.18px;\">\u00a0pour\u00a0<\/span><b style=\"color: #5b5b60; font-family: Nunito, sans-serif; font-size: 18px; letter-spacing: -0.18px;\">experts<\/b><span style=\"color: #5b5b60; font-family: Nunito, sans-serif; font-size: 18px; letter-spacing: -0.18px;\">. Cette plate-forme a \u00e9t\u00e9 cr\u00e9\u00e9e par un groupe d\u2019experts et d\u2019<\/span><strong style=\"color: #5b5b60; font-family: Nunito, sans-serif; font-size: 18px; letter-spacing: -0.18px;\">ing\u00e9nieurs<\/strong><span style=\"color: #5b5b60; font-family: Nunito, sans-serif; font-size: 18px; letter-spacing: -0.18px;\">\u00a0appel\u00e9s \u00e0 relever quotidiennement les d\u00e9fis que pr\u00e9sente\u00a0<\/span><strong style=\"color: #5b5b60; font-family: Nunito, sans-serif; font-size: 18px; letter-spacing: -0.18px;\">l\u2019automatisation de processus industrielle comportant l\u2019utilisation de liquides corrosifs et neutres<\/strong><span style=\"color: #5b5b60; font-family: Nunito, sans-serif; font-size: 18px; letter-spacing: -0.18px;\">. Objectif de cette plate-forme : partage des connaissances et de l\u2019exp\u00e9rience acquise dans ce domaine avec d\u2019autres experts dans le but de nous faciliter la t\u00e2che.\u00a0<\/span><\/p><p>\u00a0<span lang=\"NL\" style=\"color: #000000; font-family: Nunito, sans-serif; font-size: 18px; letter-spacing: normal;\">Si vous avez des questions \u00e0 propos de l&#8217;automatisation des processus industrielle, sur la technologie des vannes, les mat\u00e9riaux, les instruments de mesure ou autre, nous serons heureux de vous r\u00e9pondre \u00e0 cette adresse : <\/span><a style=\"font-family: Nunito, sans-serif; font-size: 18px; letter-spacing: normal; background-color: #ffffff; color: #954f72; text-decoration-line: underline;\" href=\"mailto:meetus@GF-eez.com\"><span lang=\"NL\" style=\"font-family: 'Calibri Light', sans-serif;\">feedback<\/span><\/a><a style=\"font-family: Nunito, sans-serif; font-size: 18px; letter-spacing: normal; background-color: #ffffff; color: #954f72; text-decoration-line: underline;\" href=\"mailto:meetus@GF-eez.com\"><span lang=\"NL\" style=\"font-family: 'Calibri Light', sans-serif;\">@GF-eez.com<\/span><\/a><\/p><p>\u00a0<span style=\"font-family: Nunito, sans-serif; color: #000000; font-size: 18px; letter-spacing: normal;\">La plateforme a \u00e9t\u00e9 cr\u00e9\u00e9e et est mise \u00e0 jour quotidiennement gr\u00e2ce au <b>Centre d&#8217;Excellence Georg Fischer<\/b> en Belgique et en Italie.\u00a0<\/span><\/p><p>\u00a0<\/p><blockquote><p><span style=\"font-size: 18px; font-style: italic; font-weight: bold; letter-spacing: -0.01em;\">Bonjour, je m&#8217;appelle Ruben D. Je travaille pour une grande entreprise bruxelloise sp\u00e9cialis\u00e9e dans la production de saumure. Depuis que j&#8217;ai visit\u00e9 EEZ pour la premi\u00e8re fois, je suis devenu un grand fan ! J&#8217;y trouve des informations que je peux utiliser dans mon travail quotidien.\u00a0<\/span><\/p><\/blockquote>\t\t\t\t\t\t\t\t<\/div>\n\t\t\t\t<\/div>\n\t\t\t\t\t<\/div>\n\t\t<\/div>\n\t\t\t\t\t<\/div>\n\t\t<\/section>\n\t\t\t\t<section class=\"elementor-section elementor-top-section elementor-element elementor-element-6ee0f4e elementor-section-boxed elementor-section-height-default elementor-section-height-default\" data-id=\"6ee0f4e\" data-element_type=\"section\" data-e-type=\"section\">\n\t\t\t\t\t\t<div class=\"elementor-container elementor-column-gap-default\">\n\t\t\t\t\t<div class=\"elementor-column elementor-col-100 elementor-top-column elementor-element elementor-element-bbae09b\" data-id=\"bbae09b\" data-element_type=\"column\" data-e-type=\"column\">\n\t\t\t<div class=\"elementor-widget-wrap elementor-element-populated\">\n\t\t\t\t\t\t<div class=\"elementor-element elementor-element-249383e elementor-widget elementor-widget-image\" data-id=\"249383e\" data-element_type=\"widget\" data-e-type=\"widget\" data-widget_type=\"image.default\">\n\t\t\t\t<div class=\"elementor-widget-container\">\n\t\t\t\t\t\t\t\t\t\t\t\t\t\t\t<img fetchpriority=\"high\" decoding=\"async\" width=\"543\" height=\"361\" src=\"https:\/\/gf-eez.com\/wp-content\/uploads\/2020\/06\/GF-Team.jpg\" class=\"attachment-large size-large wp-image-3262\" alt=\"\" srcset=\"https:\/\/gf-eez.com\/wp-content\/uploads\/2020\/06\/GF-Team.jpg 543w, https:\/\/gf-eez.com\/wp-content\/uploads\/2020\/06\/GF-Team-300x199.jpg 300w, https:\/\/gf-eez.com\/wp-content\/uploads\/2020\/06\/GF-Team-370x246.jpg 370w\" sizes=\"(max-width: 543px) 100vw, 543px\" \/>\t\t\t\t\t\t\t\t\t\t\t\t\t\t\t<\/div>\n\t\t\t\t<\/div>\n\t\t\t\t\t<\/div>\n\t\t<\/div>\n\t\t\t\t\t<\/div>\n\t\t<\/section>\n\t\t\t\t<section class=\"elementor-section elementor-top-section elementor-element elementor-element-58b23f8 elementor-section-boxed elementor-section-height-default elementor-section-height-default\" data-id=\"58b23f8\" data-element_type=\"section\" data-e-type=\"section\">\n\t\t\t\t\t\t<div class=\"elementor-container elementor-column-gap-default\">\n\t\t\t\t\t<div class=\"elementor-column elementor-col-100 elementor-top-column elementor-element elementor-element-c250b17\" data-id=\"c250b17\" data-element_type=\"column\" data-e-type=\"column\">\n\t\t\t<div class=\"elementor-widget-wrap elementor-element-populated\">\n\t\t\t\t\t\t<div class=\"elementor-element elementor-element-bfcaf04 elementor-widget elementor-widget-text-editor\" data-id=\"bfcaf04\" data-element_type=\"widget\" data-e-type=\"widget\" data-widget_type=\"text-editor.default\">\n\t\t\t\t<div class=\"elementor-widget-container\">\n\t\t\t\t\t\t\t\t\t<p style=\"margin: 0in 0in 0.0001pt; font-size: 18px; color: #000000; letter-spacing: normal;\"><span style=\"font-family: Nunito, sans-serif;\"><u><b>Contribuent \u00e0 cette plateforme<\/b><\/u><\/span><\/p>\n<p style=\"margin: 0in 0in 0.0001pt; font-size: 12pt; font-family: Calibri, sans-serif; color: #000000; letter-spacing: normal;\"><span lang=\"NL\" style=\"font-family: 'Calibri Light', sans-serif;\"><b>Bart Vanbastelaere <\/b><a href=\"https:\/\/gf-eez.com\/fr\/la-parole-est-aux-experts-bart-van-bastelaere\/\">(bio)<\/a><\/span><\/p>\n<p style=\"margin: 0in 0in 0.0001pt; font-size: 12pt; font-family: Calibri, sans-serif; color: #000000; letter-spacing: normal;\"><span lang=\"NL\" style=\"font-family: 'Calibri Light', sans-serif;\"><b>Frederik Koninckx <\/b><a href=\"https:\/\/gf-eez.com\/fr\/la-parole-est-aux-experts-frederik-koninck\/\">(bio)<\/a><\/span><\/p>\n<p style=\"margin: 0in 0in 0.0001pt; font-size: 12pt; font-family: Calibri, sans-serif; color: #000000; letter-spacing: normal;\"><span lang=\"NL\" style=\"font-family: 'Calibri Light', sans-serif;\"><b>David Boonen <\/b><a href=\"https:\/\/gf-eez.com\/fr\/la-parole-est-aux-experts-david-boonen\/\">(bio)<\/a><\/span><\/p>\n<p style=\"margin: 0in 0in 0.0001pt; font-size: 12pt; font-family: 'Calibri Light', sans-serif; color: #000000; letter-spacing: normal;\"><b>Joeri Tomas Fahim<\/b> <a href=\"https:\/\/gf-eez.com\/fr\/la-parole-est-aux-experts-david-boonen\/\">(bio)<\/a><\/p>\n<p style=\"margin: 0in 0in 0.0001pt; font-size: 12pt; font-family: 'Calibri Light', sans-serif; color: #000000; letter-spacing: normal;\"><span style=\"font-family: 'Calibri Light', sans-serif;\"><b>Tonino Lamponi <\/b>(bio)<\/span><\/p>\n<p style=\"margin: 0in 0in 0.0001pt; font-size: 12pt; font-family: Calibri, sans-serif; color: #000000; letter-spacing: normal;\"><span style=\"font-family: 'Calibri Light', sans-serif;\"><b>Mauro Dellatorre <\/b>(bio)<\/span><\/p>\n<p style=\"margin: 0in 0in 0.0001pt; font-size: 12pt; font-family: Calibri, sans-serif; color: #000000; letter-spacing: normal;\"><span style=\"font-family: 'Calibri Light', sans-serif;\"><b>Maria Anna Valicenti <\/b>(bio)<\/span><\/p>\n<p style=\"margin: 0in 0in 0.0001pt; font-size: 12pt; font-family: Calibri, sans-serif; color: #000000; letter-spacing: normal;\"><span style=\"font-family: 'Calibri Light', sans-serif;\"><b>Davide Chiaramonte <\/b>(bio)<\/span><\/p>\n<p style=\"margin: 0in 0in 0.0001pt; font-size: 12pt; font-family: Calibri, sans-serif; color: #000000; letter-spacing: normal;\"><span style=\"font-family: 'Calibri Light', sans-serif;\"><b>Alessia Caldara<\/b> (bio)<\/span><\/p>\t\t\t\t\t\t\t\t<\/div>\n\t\t\t\t<\/div>\n\t\t\t\t\t<\/div>\n\t\t<\/div>\n\t\t\t\t\t<\/div>\n\t\t<\/section>\n\t\t\t\t<\/div>\n\t\t","protected":false},"excerpt":{"rendered":"<p>\u00a0 Bienvenue sur la plate-forme\u00a0EEZ, votre\u00a0zone d\u2019ing\u00e9nierie\u00a0pour\u00a0experts. Cette plate-forme a \u00e9t\u00e9 cr\u00e9\u00e9e par un groupe d\u2019experts et d\u2019ing\u00e9nieurs\u00a0appel\u00e9s \u00e0 relever quotidiennement les d\u00e9fis que pr\u00e9sente\u00a0l\u2019automatisation de processus industrielle comportant l\u2019utilisation de liquides corrosifs et neutres. Objectif de cette plate-forme : partage des connaissances et de l\u2019exp\u00e9rience acquise dans ce domaine avec d\u2019autres experts dans le &hellip;<\/p>\n","protected":false},"author":107,"featured_media":0,"parent":0,"menu_order":0,"comment_status":"closed","ping_status":"open","template":"","meta":{"content-type":"","footnotes":""},"hashtags":[],"class_list":["post-3261","page","type-page","status-publish","hentry","no-thumb"],"yoast_head":"<!-- This site is optimized with the Yoast SEO plugin v27.5 - https:\/\/yoast.com\/product\/yoast-seo-wordpress\/ -->\n<title>About EEZ &#8211; GF - Expert Engineering Zone<\/title>\n<meta name=\"description\" content=\"Bienvenue sur la plate-forme EEZ. Qui sommes-nous ? Des experts\/ ing\u00e9nieurs qui partagent leur connaissances de l&#039;automatisation industrielle\" \/>\n<meta name=\"robots\" content=\"index, follow, max-snippet:-1, max-image-preview:large, max-video-preview:-1\" \/>\n<link rel=\"canonical\" href=\"https:\/\/gf-eez.com\/fr\/about-eez\/\" \/>\n<meta property=\"og:locale\" content=\"fr_FR\" \/>\n<meta property=\"og:type\" content=\"article\" \/>\n<meta property=\"og:title\" content=\"About EEZ &#8211; GF - Expert Engineering Zone\" \/>\n<meta property=\"og:description\" content=\"Bienvenue sur la plate-forme EEZ. Qui sommes-nous ? Des experts\/ ing\u00e9nieurs qui partagent leur connaissances de l&#039;automatisation industrielle\" \/>\n<meta property=\"og:url\" content=\"https:\/\/gf-eez.com\/fr\/about-eez\/\" \/>\n<meta property=\"og:site_name\" content=\"GF - Expert Engineering Zone\" \/>\n<meta property=\"article:modified_time\" content=\"2023-01-25T13:09:26+00:00\" \/>\n<meta property=\"og:image\" content=\"https:\/\/gf-eez.com\/wp-content\/uploads\/2020\/06\/GF-Team.jpg\" \/>\n<meta name=\"twitter:card\" content=\"summary_large_image\" \/>\n<meta name=\"twitter:label1\" content=\"Dur\u00e9e de lecture estim\u00e9e\" \/>\n\t<meta name=\"twitter:data1\" content=\"2 minutes\" \/>\n<script type=\"application\/ld+json\" class=\"yoast-schema-graph\">{\"@context\":\"https:\\\/\\\/schema.org\",\"@graph\":[{\"@type\":\"WebPage\",\"@id\":\"https:\\\/\\\/gf-eez.com\\\/fr\\\/about-eez\\\/\",\"url\":\"https:\\\/\\\/gf-eez.com\\\/fr\\\/about-eez\\\/\",\"name\":\"About EEZ &#8211; GF - Expert Engineering Zone\",\"isPartOf\":{\"@id\":\"https:\\\/\\\/gf-eez.com\\\/fr\\\/#website\"},\"primaryImageOfPage\":{\"@id\":\"https:\\\/\\\/gf-eez.com\\\/fr\\\/about-eez\\\/#primaryimage\"},\"image\":{\"@id\":\"https:\\\/\\\/gf-eez.com\\\/fr\\\/about-eez\\\/#primaryimage\"},\"thumbnailUrl\":\"https:\\\/\\\/gf-eez.com\\\/wp-content\\\/uploads\\\/2020\\\/06\\\/GF-Team.jpg\",\"datePublished\":\"2020-06-03T17:48:38+00:00\",\"dateModified\":\"2023-01-25T13:09:26+00:00\",\"description\":\"Bienvenue sur la plate-forme EEZ. Qui sommes-nous ? Des experts\\\/ ing\u00e9nieurs qui partagent leur connaissances de l'automatisation industrielle\",\"breadcrumb\":{\"@id\":\"https:\\\/\\\/gf-eez.com\\\/fr\\\/about-eez\\\/#breadcrumb\"},\"inLanguage\":\"fr-FR\",\"potentialAction\":[{\"@type\":\"ReadAction\",\"target\":[\"https:\\\/\\\/gf-eez.com\\\/fr\\\/about-eez\\\/\"]}]},{\"@type\":\"ImageObject\",\"inLanguage\":\"fr-FR\",\"@id\":\"https:\\\/\\\/gf-eez.com\\\/fr\\\/about-eez\\\/#primaryimage\",\"url\":\"https:\\\/\\\/gf-eez.com\\\/wp-content\\\/uploads\\\/2020\\\/06\\\/GF-Team.jpg\",\"contentUrl\":\"https:\\\/\\\/gf-eez.com\\\/wp-content\\\/uploads\\\/2020\\\/06\\\/GF-Team.jpg\"},{\"@type\":\"BreadcrumbList\",\"@id\":\"https:\\\/\\\/gf-eez.com\\\/fr\\\/about-eez\\\/#breadcrumb\",\"itemListElement\":[{\"@type\":\"ListItem\",\"position\":1,\"name\":\"Accueil\",\"item\":\"https:\\\/\\\/gf-eez.com\\\/fr\\\/\"},{\"@type\":\"ListItem\",\"position\":2,\"name\":\"About EEZ\"}]},{\"@type\":\"WebSite\",\"@id\":\"https:\\\/\\\/gf-eez.com\\\/fr\\\/#website\",\"url\":\"https:\\\/\\\/gf-eez.com\\\/fr\\\/\",\"name\":\"GF - Expert Engineering Zone\",\"description\":\"Find solutions. Instantly. Easily.\",\"publisher\":{\"@id\":\"https:\\\/\\\/gf-eez.com\\\/fr\\\/#organization\"},\"alternateName\":\"GF - EEZ\",\"potentialAction\":[{\"@type\":\"SearchAction\",\"target\":{\"@type\":\"EntryPoint\",\"urlTemplate\":\"https:\\\/\\\/gf-eez.com\\\/fr\\\/?s={search_term_string}\"},\"query-input\":{\"@type\":\"PropertyValueSpecification\",\"valueRequired\":true,\"valueName\":\"search_term_string\"}}],\"inLanguage\":\"fr-FR\"},{\"@type\":\"Organization\",\"@id\":\"https:\\\/\\\/gf-eez.com\\\/fr\\\/#organization\",\"name\":\"GF - Expert Engineering Zone\",\"alternateName\":\"GF - EEZ\",\"url\":\"https:\\\/\\\/gf-eez.com\\\/fr\\\/\",\"logo\":{\"@type\":\"ImageObject\",\"inLanguage\":\"fr-FR\",\"@id\":\"https:\\\/\\\/gf-eez.com\\\/fr\\\/#\\\/schema\\\/logo\\\/image\\\/\",\"url\":\"https:\\\/\\\/gf-eez.com\\\/wp-content\\\/uploads\\\/2020\\\/07\\\/GF-Header-logo-1.jpg\",\"contentUrl\":\"https:\\\/\\\/gf-eez.com\\\/wp-content\\\/uploads\\\/2020\\\/07\\\/GF-Header-logo-1.jpg\",\"width\":400,\"height\":91,\"caption\":\"GF - Expert Engineering Zone\"},\"image\":{\"@id\":\"https:\\\/\\\/gf-eez.com\\\/fr\\\/#\\\/schema\\\/logo\\\/image\\\/\"}}]}<\/script>\n<!-- \/ Yoast SEO plugin. -->","yoast_head_json":{"title":"About EEZ &#8211; GF - Expert Engineering Zone","description":"Bienvenue sur la plate-forme EEZ. Qui sommes-nous ? Des experts\/ ing\u00e9nieurs qui partagent leur connaissances de l'automatisation industrielle","robots":{"index":"index","follow":"follow","max-snippet":"max-snippet:-1","max-image-preview":"max-image-preview:large","max-video-preview":"max-video-preview:-1"},"canonical":"https:\/\/gf-eez.com\/fr\/about-eez\/","og_locale":"fr_FR","og_type":"article","og_title":"About EEZ &#8211; GF - Expert Engineering Zone","og_description":"Bienvenue sur la plate-forme EEZ. Qui sommes-nous ? Des experts\/ ing\u00e9nieurs qui partagent leur connaissances de l'automatisation industrielle","og_url":"https:\/\/gf-eez.com\/fr\/about-eez\/","og_site_name":"GF - Expert Engineering Zone","article_modified_time":"2023-01-25T13:09:26+00:00","og_image":[{"url":"https:\/\/gf-eez.com\/wp-content\/uploads\/2020\/06\/GF-Team.jpg","type":"","width":"","height":""}],"twitter_card":"summary_large_image","twitter_misc":{"Dur\u00e9e de lecture estim\u00e9e":"2 minutes"},"schema":{"@context":"https:\/\/schema.org","@graph":[{"@type":"WebPage","@id":"https:\/\/gf-eez.com\/fr\/about-eez\/","url":"https:\/\/gf-eez.com\/fr\/about-eez\/","name":"About EEZ &#8211; GF - Expert Engineering Zone","isPartOf":{"@id":"https:\/\/gf-eez.com\/fr\/#website"},"primaryImageOfPage":{"@id":"https:\/\/gf-eez.com\/fr\/about-eez\/#primaryimage"},"image":{"@id":"https:\/\/gf-eez.com\/fr\/about-eez\/#primaryimage"},"thumbnailUrl":"https:\/\/gf-eez.com\/wp-content\/uploads\/2020\/06\/GF-Team.jpg","datePublished":"2020-06-03T17:48:38+00:00","dateModified":"2023-01-25T13:09:26+00:00","description":"Bienvenue sur la plate-forme EEZ. Qui sommes-nous ? Des experts\/ ing\u00e9nieurs qui partagent leur connaissances de l'automatisation industrielle","breadcrumb":{"@id":"https:\/\/gf-eez.com\/fr\/about-eez\/#breadcrumb"},"inLanguage":"fr-FR","potentialAction":[{"@type":"ReadAction","target":["https:\/\/gf-eez.com\/fr\/about-eez\/"]}]},{"@type":"ImageObject","inLanguage":"fr-FR","@id":"https:\/\/gf-eez.com\/fr\/about-eez\/#primaryimage","url":"https:\/\/gf-eez.com\/wp-content\/uploads\/2020\/06\/GF-Team.jpg","contentUrl":"https:\/\/gf-eez.com\/wp-content\/uploads\/2020\/06\/GF-Team.jpg"},{"@type":"BreadcrumbList","@id":"https:\/\/gf-eez.com\/fr\/about-eez\/#breadcrumb","itemListElement":[{"@type":"ListItem","position":1,"name":"Accueil","item":"https:\/\/gf-eez.com\/fr\/"},{"@type":"ListItem","position":2,"name":"About EEZ"}]},{"@type":"WebSite","@id":"https:\/\/gf-eez.com\/fr\/#website","url":"https:\/\/gf-eez.com\/fr\/","name":"GF - Expert Engineering Zone","description":"Find solutions. Instantly. Easily.","publisher":{"@id":"https:\/\/gf-eez.com\/fr\/#organization"},"alternateName":"GF - EEZ","potentialAction":[{"@type":"SearchAction","target":{"@type":"EntryPoint","urlTemplate":"https:\/\/gf-eez.com\/fr\/?s={search_term_string}"},"query-input":{"@type":"PropertyValueSpecification","valueRequired":true,"valueName":"search_term_string"}}],"inLanguage":"fr-FR"},{"@type":"Organization","@id":"https:\/\/gf-eez.com\/fr\/#organization","name":"GF - Expert Engineering Zone","alternateName":"GF - EEZ","url":"https:\/\/gf-eez.com\/fr\/","logo":{"@type":"ImageObject","inLanguage":"fr-FR","@id":"https:\/\/gf-eez.com\/fr\/#\/schema\/logo\/image\/","url":"https:\/\/gf-eez.com\/wp-content\/uploads\/2020\/07\/GF-Header-logo-1.jpg","contentUrl":"https:\/\/gf-eez.com\/wp-content\/uploads\/2020\/07\/GF-Header-logo-1.jpg","width":400,"height":91,"caption":"GF - Expert Engineering Zone"},"image":{"@id":"https:\/\/gf-eez.com\/fr\/#\/schema\/logo\/image\/"}}]}},"jetpack_sharing_enabled":true,"_links":{"self":[{"href":"https:\/\/gf-eez.com\/fr\/wp-json\/wp\/v2\/pages\/3261","targetHints":{"allow":["GET"]}}],"collection":[{"href":"https:\/\/gf-eez.com\/fr\/wp-json\/wp\/v2\/pages"}],"about":[{"href":"https:\/\/gf-eez.com\/fr\/wp-json\/wp\/v2\/types\/page"}],"author":[{"embeddable":true,"href":"https:\/\/gf-eez.com\/fr\/wp-json\/wp\/v2\/users\/107"}],"replies":[{"embeddable":true,"href":"https:\/\/gf-eez.com\/fr\/wp-json\/wp\/v2\/comments?post=3261"}],"version-history":[{"count":18,"href":"https:\/\/gf-eez.com\/fr\/wp-json\/wp\/v2\/pages\/3261\/revisions"}],"predecessor-version":[{"id":5501,"href":"https:\/\/gf-eez.com\/fr\/wp-json\/wp\/v2\/pages\/3261\/revisions\/5501"}],"wp:attachment":[{"href":"https:\/\/gf-eez.com\/fr\/wp-json\/wp\/v2\/media?parent=3261"}],"wp:term":[{"taxonomy":"hashtags","embeddable":true,"href":"https:\/\/gf-eez.com\/fr\/wp-json\/wp\/v2\/hashtags?post=3261"}],"curies":[{"name":"wp","href":"https:\/\/api.w.org\/{rel}","templated":true}]}}